{"id":10,"date":"2026-03-01T22:16:57","date_gmt":"2026-03-01T22:16:57","guid":{"rendered":"https:\/\/coach-sportif-saint-hilaire-de-riez.com\/?page_id=10"},"modified":"2026-04-23T21:02:42","modified_gmt":"2026-04-23T21:02:42","slug":"coming-soon","status":"publish","type":"page","link":"https:\/\/coach-sportif-saint-hilaire-de-riez.com\/","title":{"rendered":"Votre studio"},"content":{"rendered":"\t\t<div data-elementor-type=\"wp-page\" data-elementor-id=\"10\" class=\"elementor elementor-10\" data-elementor-post-type=\"page\">\n\t\t\t\t<div class=\"elementor-element elementor-element-598f7e4 elementor-hidden-desktop e-flex e-con-boxed e-con e-parent\" data-id=\"598f7e4\" data-element_type=\"container\" data-e-type=\"container\">\n\t\t\t\t\t<div class=\"e-con-inner\">\n\t\t\t\t<div class=\"elementor-element elementor-element-5ec85d4 elementor-widget elementor-widget-image\" data-id=\"5ec85d4\" data-element_type=\"widget\" data-e-type=\"widget\" data-widget_type=\"image.default\">\n\t\t\t\t\t\t\t\t\t\t\t\t\t\t\t<img fetchpriority=\"high\" decoding=\"async\" width=\"1024\" height=\"1024\" src=\"https:\/\/coach-sportif-saint-hilaire-de-riez.com\/wp-content\/uploads\/2026\/03\/Logo-Athletic-Neofit-1-1024x1024.png\" class=\"attachment-large size-large wp-image-42\" alt=\"coach sportif saint hilaire de riez logo\" srcset=\"https:\/\/coach-sportif-saint-hilaire-de-riez.com\/wp-content\/uploads\/2026\/03\/Logo-Athletic-Neofit-1-1024x1024.png 1024w, https:\/\/coach-sportif-saint-hilaire-de-riez.com\/wp-content\/uploads\/2026\/03\/Logo-Athletic-Neofit-1-300x300.png 300w, https:\/\/coach-sportif-saint-hilaire-de-riez.com\/wp-content\/uploads\/2026\/03\/Logo-Athletic-Neofit-1-150x150.png 150w, https:\/\/coach-sportif-saint-hilaire-de-riez.com\/wp-content\/uploads\/2026\/03\/Logo-Athletic-Neofit-1-768x768.png 768w, https:\/\/coach-sportif-saint-hilaire-de-riez.com\/wp-content\/uploads\/2026\/03\/Logo-Athletic-Neofit-1.png 1080w\" sizes=\"(max-width: 1024px) 100vw, 1024px\" \/>\t\t\t\t\t\t\t\t\t\t\t\t\t\t\t<\/div>\n\t\t\t\t<div class=\"elementor-element elementor-element-38bf8c3 elementor-widget elementor-widget-heading\" data-id=\"38bf8c3\" data-element_type=\"widget\" data-e-type=\"widget\" data-widget_type=\"heading.default\">\n\t\t\t\t\t<h2 class=\"elementor-heading-title elementor-size-default\">Ouverture prochainement \u00e0 Saint Hilaire de Riez \/ Sion<\/h2>\t\t\t\t<\/div>\n\t\t\t\t<div class=\"elementor-element elementor-element-e98474a elementor-widget elementor-widget-text-editor\" data-id=\"e98474a\" data-element_type=\"widget\" data-e-type=\"widget\" data-widget_type=\"text-editor.default\">\n\t\t\t\t\t\t\t\t\tCoaching sportif 100% priv\u00e9 &amp; \u00e9lectrostimulation (EMS) <br>Dans un studio d\u00e9di\u00e9, sur rendez-vous\t\t\t\t\t\t\t\t<\/div>\n\t\t\t\t<div class=\"elementor-element elementor-element-96d4bf0 elementor-align-center elementor-widget elementor-widget-button\" data-id=\"96d4bf0\" data-element_type=\"widget\" data-e-type=\"widget\" data-widget_type=\"button.default\">\n\t\t\t\t\t\t\t\t\t\t<a class=\"elementor-button elementor-button-link elementor-size-sm\" href=\"tel:0660401241\">\n\t\t\t\t\t\t<span class=\"elementor-button-content-wrapper\">\n\t\t\t\t\t\t\t\t\t<span class=\"elementor-button-text\">Me contacter<\/span>\n\t\t\t\t\t<\/span>\n\t\t\t\t\t<\/a>\n\t\t\t\t\t\t\t\t<\/div>\n\t\t\t\t<div class=\"elementor-element elementor-element-e780786 elementor-widget elementor-widget-text-editor\" data-id=\"e780786\" data-element_type=\"widget\" data-e-type=\"widget\" data-widget_type=\"text-editor.default\">\n\t\t\t\t\t\t\t\t\t<p>Chez Athletic Neofit, chaque s\u00e9ance est pens\u00e9e pour toi. Pas de salle bond\u00e9e, pas de s\u00e9ances g\u00e9n\u00e9riques. Un accompagnement sur mesure.<\/p>\t\t\t\t\t\t\t\t<\/div>\n\t\t\t\t<div class=\"elementor-element elementor-element-d6d4db1 elementor-align-center elementor-icon-list--layout-traditional elementor-list-item-link-full_width elementor-widget elementor-widget-icon-list\" data-id=\"d6d4db1\" data-element_type=\"widget\" data-e-type=\"widget\" data-widget_type=\"icon-list.default\">\n\t\t\t\t\t\t\t<ul class=\"elementor-icon-list-items\">\n\t\t\t\t\t\t\t<li class=\"elementor-icon-list-item\">\n\t\t\t\t\t\t\t\t\t\t\t<span class=\"elementor-icon-list-icon\">\n\t\t\t\t\t\t\t<svg aria-hidden=\"true\" class=\"e-font-icon-svg e-fas-map-marker-alt\" viewBox=\"0 0 384 512\" xmlns=\"http:\/\/www.w3.org\/2000\/svg\"><path d=\"M172.268 501.67C26.97 291.031 0 269.413 0 192 0 85.961 85.961 0 192 0s192 85.961 192 192c0 77.413-26.97 99.031-172.268 309.67-9.535 13.774-29.93 13.773-39.464 0zM192 272c44.183 0 80-35.817 80-80s-35.817-80-80-80-80 35.817-80 80 35.817 80 80 80z\"><\/path><\/svg>\t\t\t\t\t\t<\/span>\n\t\t\t\t\t\t\t\t\t\t<span class=\"elementor-icon-list-text\">207 avenue de la for\u00eat, 85270 Saint Hilaire de Riez<\/span>\n\t\t\t\t\t\t\t\t\t<\/li>\n\t\t\t\t\t\t\t\t<li class=\"elementor-icon-list-item\">\n\t\t\t\t\t\t\t\t\t\t\t<span class=\"elementor-icon-list-icon\">\n\t\t\t\t\t\t\t<svg aria-hidden=\"true\" class=\"e-font-icon-svg e-far-grin\" viewBox=\"0 0 496 512\" xmlns=\"http:\/\/www.w3.org\/2000\/svg\"><path d=\"M248 8C111 8 0 119 0 256s111 248 248 248 248-111 248-248S385 8 248 8zm0 448c-110.3 0-200-89.7-200-200S137.7 56 248 56s200 89.7 200 200-89.7 200-200 200zm105.6-151.4c-25.9 8.3-64.4 13.1-105.6 13.1s-79.6-4.8-105.6-13.1c-9.9-3.1-19.4 5.4-17.7 15.3 7.9 47.1 71.3 80 123.3 80s115.3-32.9 123.3-80c1.6-9.8-7.7-18.4-17.7-15.3zM168 240c17.7 0 32-14.3 32-32s-14.3-32-32-32-32 14.3-32 32 14.3 32 32 32zm160 0c17.7 0 32-14.3 32-32s-14.3-32-32-32-32 14.3-32 32 14.3 32 32 32z\"><\/path><\/svg>\t\t\t\t\t\t<\/span>\n\t\t\t\t\t\t\t\t\t\t<span class=\"elementor-icon-list-text\">Coaching individuel ou en duo sur demande<\/span>\n\t\t\t\t\t\t\t\t\t<\/li>\n\t\t\t\t\t\t\t\t<li class=\"elementor-icon-list-item\">\n\t\t\t\t\t\t\t\t\t\t\t<span class=\"elementor-icon-list-icon\">\n\t\t\t\t\t\t\t<i aria-hidden=\"true\" class=\"icon icon-flash\"><\/i>\t\t\t\t\t\t<\/span>\n\t\t\t\t\t\t\t\t\t\t<span class=\"elementor-icon-list-text\">EMS &amp; entrainement personnalis\u00e9<\/span>\n\t\t\t\t\t\t\t\t\t<\/li>\n\t\t\t\t\t\t<\/ul>\n\t\t\t\t\t\t<\/div>\n\t\t\t\t<div class=\"elementor-element elementor-element-529386c elementor-widget-divider--view-line elementor-widget elementor-widget-divider\" data-id=\"529386c\" data-element_type=\"widget\" data-e-type=\"widget\" data-widget_type=\"divider.default\">\n\t\t\t\t\t\t\t<div class=\"elementor-divider\">\n\t\t\t<span class=\"elementor-divider-separator\">\n\t\t\t\t\t\t<\/span>\n\t\t<\/div>\n\t\t\t\t\t\t<\/div>\n\t\t\t\t<div class=\"elementor-element elementor-element-db865e9 elementor-widget elementor-widget-heading\" data-id=\"db865e9\" data-element_type=\"widget\" data-e-type=\"widget\" data-widget_type=\"heading.default\">\n\t\t\t\t\t<h2 class=\"elementor-heading-title elementor-size-default\">Alexis - Coach sportif<\/h2>\t\t\t\t<\/div>\n\t\t\t\t<div class=\"elementor-element elementor-element-d703b0c elementor-widget elementor-widget-heading\" data-id=\"d703b0c\" data-element_type=\"widget\" data-e-type=\"widget\" data-widget_type=\"heading.default\">\n\t\t\t\t\t<h2 class=\"elementor-heading-title elementor-size-default\"><a href=\"tel:0660401241\">06 60 40 12 41<\/a><\/h2>\t\t\t\t<\/div>\n\t\t\t\t<div class=\"elementor-element elementor-element-0cb0c27 elementor-align-center elementor-widget elementor-widget-button\" data-id=\"0cb0c27\" data-element_type=\"widget\" data-e-type=\"widget\" data-widget_type=\"button.default\">\n\t\t\t\t\t\t\t\t\t\t<a class=\"elementor-button elementor-button-link elementor-size-sm\" href=\"tel:0660401241\">\n\t\t\t\t\t\t<span class=\"elementor-button-content-wrapper\">\n\t\t\t\t\t\t\t\t\t<span class=\"elementor-button-text\">Prenez rdv d\u00e8s maintenant<\/span>\n\t\t\t\t\t<\/span>\n\t\t\t\t\t<\/a>\n\t\t\t\t\t\t\t\t<\/div>\n\t\t\t\t<div class=\"elementor-element elementor-element-1e6de10 elementor-widget elementor-widget-spacer\" data-id=\"1e6de10\" data-element_type=\"widget\" data-e-type=\"widget\" data-widget_type=\"spacer.default\">\n\t\t\t\t\t\t\t<div class=\"elementor-spacer\">\n\t\t\t<div class=\"elementor-spacer-inner\"><\/div>\n\t\t<\/div>\n\t\t\t\t\t\t<\/div>\n\t\t\t\t\t<\/div>\n\t\t\t\t<\/div>\n\t\t<div class=\"elementor-element elementor-element-f656367 elementor-hidden-tablet elementor-hidden-mobile e-flex e-con-boxed e-con e-parent\" data-id=\"f656367\" data-element_type=\"container\" data-e-type=\"container\">\n\t\t\t\t\t<div class=\"e-con-inner\">\n\t\t\t\t<div class=\"elementor-element elementor-element-d6811c6 elementor-widget elementor-widget-image\" data-id=\"d6811c6\" data-element_type=\"widget\" data-e-type=\"widget\" data-widget_type=\"image.default\">\n\t\t\t\t\t\t\t\t\t\t\t\t\t\t\t<img fetchpriority=\"high\" decoding=\"async\" width=\"1024\" height=\"1024\" src=\"https:\/\/coach-sportif-saint-hilaire-de-riez.com\/wp-content\/uploads\/2026\/03\/Logo-Athletic-Neofit-1-1024x1024.png\" class=\"attachment-large size-large wp-image-42\" alt=\"coach sportif saint hilaire de riez logo\" srcset=\"https:\/\/coach-sportif-saint-hilaire-de-riez.com\/wp-content\/uploads\/2026\/03\/Logo-Athletic-Neofit-1-1024x1024.png 1024w, https:\/\/coach-sportif-saint-hilaire-de-riez.com\/wp-content\/uploads\/2026\/03\/Logo-Athletic-Neofit-1-300x300.png 300w, https:\/\/coach-sportif-saint-hilaire-de-riez.com\/wp-content\/uploads\/2026\/03\/Logo-Athletic-Neofit-1-150x150.png 150w, https:\/\/coach-sportif-saint-hilaire-de-riez.com\/wp-content\/uploads\/2026\/03\/Logo-Athletic-Neofit-1-768x768.png 768w, https:\/\/coach-sportif-saint-hilaire-de-riez.com\/wp-content\/uploads\/2026\/03\/Logo-Athletic-Neofit-1.png 1080w\" sizes=\"(max-width: 1024px) 100vw, 1024px\" \/>\t\t\t\t\t\t\t\t\t\t\t\t\t\t\t<\/div>\n\t\t\t\t<div class=\"elementor-element elementor-element-9b56718 elementor-widget elementor-widget-heading\" data-id=\"9b56718\" data-element_type=\"widget\" data-e-type=\"widget\" data-widget_type=\"heading.default\">\n\t\t\t\t\t<h2 class=\"elementor-heading-title elementor-size-default\">Le 4 mai prochain \u00e0 Sion \/ Saint Hilaire de Riez<\/h2>\t\t\t\t<\/div>\n\t\t\t\t<div class=\"elementor-element elementor-element-1ca1fdd elementor-widget elementor-widget-text-editor\" data-id=\"1ca1fdd\" data-element_type=\"widget\" data-e-type=\"widget\" data-widget_type=\"text-editor.default\">\n\t\t\t\t\t\t\t\t\tCoaching sportif 100% priv\u00e9 &amp; \u00e9lectrostimulation (EMS) <br>Dans un studio d\u00e9di\u00e9, sur rendez-vous\t\t\t\t\t\t\t\t<\/div>\n\t\t\t\t<div class=\"elementor-element elementor-element-427c8ce elementor-align-center elementor-widget elementor-widget-button\" data-id=\"427c8ce\" data-element_type=\"widget\" data-e-type=\"widget\" data-widget_type=\"button.default\">\n\t\t\t\t\t\t\t\t\t\t<a class=\"elementor-button elementor-button-link elementor-size-sm\" href=\"tel:0660401241\">\n\t\t\t\t\t\t<span class=\"elementor-button-content-wrapper\">\n\t\t\t\t\t\t\t\t\t<span class=\"elementor-button-text\">Me contacter<\/span>\n\t\t\t\t\t<\/span>\n\t\t\t\t\t<\/a>\n\t\t\t\t\t\t\t\t<\/div>\n\t\t\t\t<div class=\"elementor-element elementor-element-fcc08bb elementor-widget elementor-widget-text-editor\" data-id=\"fcc08bb\" data-element_type=\"widget\" data-e-type=\"widget\" data-widget_type=\"text-editor.default\">\n\t\t\t\t\t\t\t\t\t<p>Chez Athletic Neofit, chaque s\u00e9ance est pens\u00e9e pour toi. Pas de salle bond\u00e9e, pas de s\u00e9ances g\u00e9n\u00e9riques. Un accompagnement sur mesure.<\/p>\t\t\t\t\t\t\t\t<\/div>\n\t\t\t\t<div class=\"elementor-element elementor-element-952d184 elementor-align-center elementor-icon-list--layout-traditional elementor-list-item-link-full_width elementor-widget elementor-widget-icon-list\" data-id=\"952d184\" data-element_type=\"widget\" data-e-type=\"widget\" data-widget_type=\"icon-list.default\">\n\t\t\t\t\t\t\t<ul class=\"elementor-icon-list-items\">\n\t\t\t\t\t\t\t<li class=\"elementor-icon-list-item\">\n\t\t\t\t\t\t\t\t\t\t\t<span class=\"elementor-icon-list-icon\">\n\t\t\t\t\t\t\t<svg aria-hidden=\"true\" class=\"e-font-icon-svg e-fas-map-marker-alt\" viewBox=\"0 0 384 512\" xmlns=\"http:\/\/www.w3.org\/2000\/svg\"><path d=\"M172.268 501.67C26.97 291.031 0 269.413 0 192 0 85.961 85.961 0 192 0s192 85.961 192 192c0 77.413-26.97 99.031-172.268 309.67-9.535 13.774-29.93 13.773-39.464 0zM192 272c44.183 0 80-35.817 80-80s-35.817-80-80-80-80 35.817-80 80 35.817 80 80 80z\"><\/path><\/svg>\t\t\t\t\t\t<\/span>\n\t\t\t\t\t\t\t\t\t\t<span class=\"elementor-icon-list-text\">207 avenue de la for\u00eat, 85270 Saint Hilaire de Riez<\/span>\n\t\t\t\t\t\t\t\t\t<\/li>\n\t\t\t\t\t\t\t\t<li class=\"elementor-icon-list-item\">\n\t\t\t\t\t\t\t\t\t\t\t<span class=\"elementor-icon-list-icon\">\n\t\t\t\t\t\t\t<svg aria-hidden=\"true\" class=\"e-font-icon-svg e-far-grin\" viewBox=\"0 0 496 512\" xmlns=\"http:\/\/www.w3.org\/2000\/svg\"><path d=\"M248 8C111 8 0 119 0 256s111 248 248 248 248-111 248-248S385 8 248 8zm0 448c-110.3 0-200-89.7-200-200S137.7 56 248 56s200 89.7 200 200-89.7 200-200 200zm105.6-151.4c-25.9 8.3-64.4 13.1-105.6 13.1s-79.6-4.8-105.6-13.1c-9.9-3.1-19.4 5.4-17.7 15.3 7.9 47.1 71.3 80 123.3 80s115.3-32.9 123.3-80c1.6-9.8-7.7-18.4-17.7-15.3zM168 240c17.7 0 32-14.3 32-32s-14.3-32-32-32-32 14.3-32 32 14.3 32 32 32zm160 0c17.7 0 32-14.3 32-32s-14.3-32-32-32-32 14.3-32 32 14.3 32 32 32z\"><\/path><\/svg>\t\t\t\t\t\t<\/span>\n\t\t\t\t\t\t\t\t\t\t<span class=\"elementor-icon-list-text\">Coaching individuel ou en duo sur demande<\/span>\n\t\t\t\t\t\t\t\t\t<\/li>\n\t\t\t\t\t\t\t\t<li class=\"elementor-icon-list-item\">\n\t\t\t\t\t\t\t\t\t\t\t<span class=\"elementor-icon-list-icon\">\n\t\t\t\t\t\t\t<i aria-hidden=\"true\" class=\"icon icon-flash\"><\/i>\t\t\t\t\t\t<\/span>\n\t\t\t\t\t\t\t\t\t\t<span class=\"elementor-icon-list-text\">EMS &amp; entrainement personnalis\u00e9<\/span>\n\t\t\t\t\t\t\t\t\t<\/li>\n\t\t\t\t\t\t<\/ul>\n\t\t\t\t\t\t<\/div>\n\t\t\t\t<div class=\"elementor-element elementor-element-1fc49c9 elementor-widget-divider--view-line elementor-widget elementor-widget-divider\" data-id=\"1fc49c9\" data-element_type=\"widget\" data-e-type=\"widget\" data-widget_type=\"divider.default\">\n\t\t\t\t\t\t\t<div class=\"elementor-divider\">\n\t\t\t<span class=\"elementor-divider-separator\">\n\t\t\t\t\t\t<\/span>\n\t\t<\/div>\n\t\t\t\t\t\t<\/div>\n\t\t\t\t<div class=\"elementor-element elementor-element-9b9ccfd elementor-widget elementor-widget-heading\" data-id=\"9b9ccfd\" data-element_type=\"widget\" data-e-type=\"widget\" data-widget_type=\"heading.default\">\n\t\t\t\t\t<h2 class=\"elementor-heading-title elementor-size-default\">Alexis - Coach sportif<\/h2>\t\t\t\t<\/div>\n\t\t\t\t<div class=\"elementor-element elementor-element-550658b elementor-widget elementor-widget-heading\" data-id=\"550658b\" data-element_type=\"widget\" data-e-type=\"widget\" data-widget_type=\"heading.default\">\n\t\t\t\t\t<h2 class=\"elementor-heading-title elementor-size-default\"><a href=\"tel:0660401241\">06 60 40 12 41<\/a><\/h2>\t\t\t\t<\/div>\n\t\t\t\t<div class=\"elementor-element elementor-element-7666072 elementor-align-center elementor-widget elementor-widget-button\" data-id=\"7666072\" data-element_type=\"widget\" data-e-type=\"widget\" data-widget_type=\"button.default\">\n\t\t\t\t\t\t\t\t\t\t<a class=\"elementor-button elementor-button-link elementor-size-sm\" href=\"tel:0660401241\">\n\t\t\t\t\t\t<span class=\"elementor-button-content-wrapper\">\n\t\t\t\t\t\t\t\t\t<span class=\"elementor-button-text\">Prenez rdv d\u00e8s maintenant<\/span>\n\t\t\t\t\t<\/span>\n\t\t\t\t\t<\/a>\n\t\t\t\t\t\t\t\t<\/div>\n\t\t\t\t<div class=\"elementor-element elementor-element-6bf6e9a elementor-widget elementor-widget-spacer\" data-id=\"6bf6e9a\" data-element_type=\"widget\" data-e-type=\"widget\" data-widget_type=\"spacer.default\">\n\t\t\t\t\t\t\t<div class=\"elementor-spacer\">\n\t\t\t<div class=\"elementor-spacer-inner\"><\/div>\n\t\t<\/div>\n\t\t\t\t\t\t<\/div>\n\t\t\t\t\t<\/div>\n\t\t\t\t<\/div>\n\t\t\t\t<\/div>\n\t\t","protected":false},"excerpt":{"rendered":"<p>Ouverture prochainement \u00e0 Saint Hilaire de Riez \/ Sion Coaching sportif 100% priv\u00e9 &amp; \u00e9lectrostimulation (EMS) Dans un studio d\u00e9di\u00e9, sur rendez-vous Me contacter Chez Athletic Neofit, chaque s\u00e9ance est pens\u00e9e pour toi. Pas de salle bond\u00e9e, pas de s\u00e9ances g\u00e9n\u00e9riques. Un accompagnement sur mesure. 207 avenue de la for\u00eat, 85270 Saint Hilaire de Riez [&hellip;]<\/p>\n","protected":false},"author":1,"featured_media":0,"parent":0,"menu_order":0,"comment_status":"closed","ping_status":"closed","template":"elementor_canvas","meta":{"footnotes":""},"class_list":["post-10","page","type-page","status-publish","hentry"],"yoast_head":"<!-- This site is optimized with the Yoast SEO plugin v27.0 - https:\/\/yoast.com\/product\/yoast-seo-wordpress\/ -->\n<title>Votre studio - Athletic Neofit<\/title>\n<meta name=\"robots\" content=\"noindex, follow, max-snippet:-1, max-image-preview:large, max-video-preview:-1\" \/>\n<meta property=\"og:locale\" content=\"fr_FR\" \/>\n<meta property=\"og:type\" content=\"article\" \/>\n<meta property=\"og:title\" content=\"Votre studio - Athletic Neofit\" \/>\n<meta property=\"og:description\" content=\"Ouverture prochainement \u00e0 Saint Hilaire de Riez \/ Sion Coaching sportif 100% priv\u00e9 &amp; \u00e9lectrostimulation (EMS) Dans un studio d\u00e9di\u00e9, sur rendez-vous Me contacter Chez Athletic Neofit, chaque s\u00e9ance est pens\u00e9e pour toi. Pas de salle bond\u00e9e, pas de s\u00e9ances g\u00e9n\u00e9riques. Un accompagnement sur mesure. 207 avenue de la for\u00eat, 85270 Saint Hilaire de Riez [&hellip;]\" \/>\n<meta property=\"og:url\" content=\"https:\/\/coach-sportif-saint-hilaire-de-riez.com\/\" \/>\n<meta property=\"og:site_name\" content=\"Athletic Neofit\" \/>\n<meta property=\"article:modified_time\" content=\"2026-04-23T21:02:42+00:00\" \/>\n<meta property=\"og:image\" content=\"https:\/\/coach-sportif-saint-hilaire-de-riez.com\/wp-content\/uploads\/2026\/03\/Logo-Athletic-Neofit-1.png\" \/>\n\t<meta property=\"og:image:width\" content=\"1080\" \/>\n\t<meta property=\"og:image:height\" content=\"1080\" \/>\n\t<meta property=\"og:image:type\" content=\"image\/png\" \/>\n<meta name=\"twitter:card\" content=\"summary_large_image\" \/>\n<meta name=\"twitter:label1\" content=\"Dur\u00e9e de lecture estim\u00e9e\" \/>\n\t<meta name=\"twitter:data1\" content=\"1 minute\" \/>\n<script type=\"application\/ld+json\" class=\"yoast-schema-graph\">{\"@context\":\"https:\/\/schema.org\",\"@graph\":[{\"@type\":\"WebPage\",\"@id\":\"https:\/\/coach-sportif-saint-hilaire-de-riez.com\/\",\"url\":\"https:\/\/coach-sportif-saint-hilaire-de-riez.com\/\",\"name\":\"Votre studio - Athletic Neofit\",\"isPartOf\":{\"@id\":\"https:\/\/coach-sportif-saint-hilaire-de-riez.com\/#website\"},\"primaryImageOfPage\":{\"@id\":\"https:\/\/coach-sportif-saint-hilaire-de-riez.com\/#primaryimage\"},\"image\":{\"@id\":\"https:\/\/coach-sportif-saint-hilaire-de-riez.com\/#primaryimage\"},\"thumbnailUrl\":\"https:\/\/coach-sportif-saint-hilaire-de-riez.com\/wp-content\/uploads\/2026\/03\/Logo-Athletic-Neofit-1-1024x1024.png\",\"datePublished\":\"2026-03-01T22:16:57+00:00\",\"dateModified\":\"2026-04-23T21:02:42+00:00\",\"breadcrumb\":{\"@id\":\"https:\/\/coach-sportif-saint-hilaire-de-riez.com\/#breadcrumb\"},\"inLanguage\":\"fr-FR\",\"potentialAction\":[{\"@type\":\"ReadAction\",\"target\":[\"https:\/\/coach-sportif-saint-hilaire-de-riez.com\/\"]}]},{\"@type\":\"ImageObject\",\"inLanguage\":\"fr-FR\",\"@id\":\"https:\/\/coach-sportif-saint-hilaire-de-riez.com\/#primaryimage\",\"url\":\"https:\/\/coach-sportif-saint-hilaire-de-riez.com\/wp-content\/uploads\/2026\/03\/Logo-Athletic-Neofit-1.png\",\"contentUrl\":\"https:\/\/coach-sportif-saint-hilaire-de-riez.com\/wp-content\/uploads\/2026\/03\/Logo-Athletic-Neofit-1.png\",\"width\":1080,\"height\":1080,\"caption\":\"coach sportif saint hilaire de riez logo\"},{\"@type\":\"BreadcrumbList\",\"@id\":\"https:\/\/coach-sportif-saint-hilaire-de-riez.com\/#breadcrumb\",\"itemListElement\":[{\"@type\":\"ListItem\",\"position\":1,\"name\":\"Accueil\",\"item\":\"https:\/\/coach-sportif-saint-hilaire-de-riez.com\/\"},{\"@type\":\"ListItem\",\"position\":2,\"name\":\"Votre studio\"}]},{\"@type\":\"WebSite\",\"@id\":\"https:\/\/coach-sportif-saint-hilaire-de-riez.com\/#website\",\"url\":\"https:\/\/coach-sportif-saint-hilaire-de-riez.com\/\",\"name\":\"Athletic Neofit\",\"description\":\"\",\"potentialAction\":[{\"@type\":\"SearchAction\",\"target\":{\"@type\":\"EntryPoint\",\"urlTemplate\":\"https:\/\/coach-sportif-saint-hilaire-de-riez.com\/?s={search_term_string}\"},\"query-input\":{\"@type\":\"PropertyValueSpecification\",\"valueRequired\":true,\"valueName\":\"search_term_string\"}}],\"inLanguage\":\"fr-FR\"}]}<\/script>\n<!-- \/ Yoast SEO plugin. -->","yoast_head_json":{"title":"Votre studio - Athletic Neofit","robots":{"index":"noindex","follow":"follow","max-snippet":"max-snippet:-1","max-image-preview":"max-image-preview:large","max-video-preview":"max-video-preview:-1"},"og_locale":"fr_FR","og_type":"article","og_title":"Votre studio - Athletic Neofit","og_description":"Ouverture prochainement \u00e0 Saint Hilaire de Riez \/ Sion Coaching sportif 100% priv\u00e9 &amp; \u00e9lectrostimulation (EMS) Dans un studio d\u00e9di\u00e9, sur rendez-vous Me contacter Chez Athletic Neofit, chaque s\u00e9ance est pens\u00e9e pour toi. Pas de salle bond\u00e9e, pas de s\u00e9ances g\u00e9n\u00e9riques. Un accompagnement sur mesure. 207 avenue de la for\u00eat, 85270 Saint Hilaire de Riez [&hellip;]","og_url":"https:\/\/coach-sportif-saint-hilaire-de-riez.com\/","og_site_name":"Athletic Neofit","article_modified_time":"2026-04-23T21:02:42+00:00","og_image":[{"width":1080,"height":1080,"url":"https:\/\/coach-sportif-saint-hilaire-de-riez.com\/wp-content\/uploads\/2026\/03\/Logo-Athletic-Neofit-1.png","type":"image\/png"}],"twitter_card":"summary_large_image","twitter_misc":{"Dur\u00e9e de lecture estim\u00e9e":"1 minute"},"schema":{"@context":"https:\/\/schema.org","@graph":[{"@type":"WebPage","@id":"https:\/\/coach-sportif-saint-hilaire-de-riez.com\/","url":"https:\/\/coach-sportif-saint-hilaire-de-riez.com\/","name":"Votre studio - Athletic Neofit","isPartOf":{"@id":"https:\/\/coach-sportif-saint-hilaire-de-riez.com\/#website"},"primaryImageOfPage":{"@id":"https:\/\/coach-sportif-saint-hilaire-de-riez.com\/#primaryimage"},"image":{"@id":"https:\/\/coach-sportif-saint-hilaire-de-riez.com\/#primaryimage"},"thumbnailUrl":"https:\/\/coach-sportif-saint-hilaire-de-riez.com\/wp-content\/uploads\/2026\/03\/Logo-Athletic-Neofit-1-1024x1024.png","datePublished":"2026-03-01T22:16:57+00:00","dateModified":"2026-04-23T21:02:42+00:00","breadcrumb":{"@id":"https:\/\/coach-sportif-saint-hilaire-de-riez.com\/#breadcrumb"},"inLanguage":"fr-FR","potentialAction":[{"@type":"ReadAction","target":["https:\/\/coach-sportif-saint-hilaire-de-riez.com\/"]}]},{"@type":"ImageObject","inLanguage":"fr-FR","@id":"https:\/\/coach-sportif-saint-hilaire-de-riez.com\/#primaryimage","url":"https:\/\/coach-sportif-saint-hilaire-de-riez.com\/wp-content\/uploads\/2026\/03\/Logo-Athletic-Neofit-1.png","contentUrl":"https:\/\/coach-sportif-saint-hilaire-de-riez.com\/wp-content\/uploads\/2026\/03\/Logo-Athletic-Neofit-1.png","width":1080,"height":1080,"caption":"coach sportif saint hilaire de riez logo"},{"@type":"BreadcrumbList","@id":"https:\/\/coach-sportif-saint-hilaire-de-riez.com\/#breadcrumb","itemListElement":[{"@type":"ListItem","position":1,"name":"Accueil","item":"https:\/\/coach-sportif-saint-hilaire-de-riez.com\/"},{"@type":"ListItem","position":2,"name":"Votre studio"}]},{"@type":"WebSite","@id":"https:\/\/coach-sportif-saint-hilaire-de-riez.com\/#website","url":"https:\/\/coach-sportif-saint-hilaire-de-riez.com\/","name":"Athletic Neofit","description":"","potentialAction":[{"@type":"SearchAction","target":{"@type":"EntryPoint","urlTemplate":"https:\/\/coach-sportif-saint-hilaire-de-riez.com\/?s={search_term_string}"},"query-input":{"@type":"PropertyValueSpecification","valueRequired":true,"valueName":"search_term_string"}}],"inLanguage":"fr-FR"}]}},"_links":{"self":[{"href":"https:\/\/coach-sportif-saint-hilaire-de-riez.com\/index.php\/wp-json\/wp\/v2\/pages\/10","targetHints":{"allow":["GET"]}}],"collection":[{"href":"https:\/\/coach-sportif-saint-hilaire-de-riez.com\/index.php\/wp-json\/wp\/v2\/pages"}],"about":[{"href":"https:\/\/coach-sportif-saint-hilaire-de-riez.com\/index.php\/wp-json\/wp\/v2\/types\/page"}],"author":[{"embeddable":true,"href":"https:\/\/coach-sportif-saint-hilaire-de-riez.com\/index.php\/wp-json\/wp\/v2\/users\/1"}],"replies":[{"embeddable":true,"href":"https:\/\/coach-sportif-saint-hilaire-de-riez.com\/index.php\/wp-json\/wp\/v2\/comments?post=10"}],"version-history":[{"count":51,"href":"https:\/\/coach-sportif-saint-hilaire-de-riez.com\/index.php\/wp-json\/wp\/v2\/pages\/10\/revisions"}],"predecessor-version":[{"id":78,"href":"https:\/\/coach-sportif-saint-hilaire-de-riez.com\/index.php\/wp-json\/wp\/v2\/pages\/10\/revisions\/78"}],"wp:attachment":[{"href":"https:\/\/coach-sportif-saint-hilaire-de-riez.com\/index.php\/wp-json\/wp\/v2\/media?parent=10"}],"curies":[{"name":"wp","href":"https:\/\/api.w.org\/{rel}","templated":true}]}}